{"id":1729,"date":"2021-08-12T10:50:59","date_gmt":"2021-08-12T08:50:59","guid":{"rendered":"http:\/\/stojanovaskolasabac.edu.rs\/?page_id=1729"},"modified":"2021-08-12T10:59:06","modified_gmt":"2021-08-12T08:59:06","slug":"u_saradnji_sa","status":"publish","type":"page","link":"https:\/\/stojanovaskolasabac.edu.rs\/index.php\/u_saradnji_sa\/","title":{"rendered":"\u0423 \u0421\u0410\u0420\u0410\u0414\u040a\u0418 \u0421\u0410 &#8230;"},"content":{"rendered":"\n<figure class=\"wp-block-embed-youtube wp-block-embed is-type-video is-provider-youtube wp-embed-aspect-16-9 wp-has-aspect-ratio\"><div class=\"wp-block-embed__wrapper\">\n<iframe loading=\"lazy\" title=\"Info - AKCIJA DRVE\u0106E JE SVEMOGU\u0106E U STOJANOVOJ \u0160KOLI (TV KCN 22.02.2021)\" width=\"1080\" height=\"608\" src=\"https:\/\/www.youtube.com\/embed\/lWd-AKIQtcs?feature=oembed\" frameborder=\"0\" allow=\"accelerometer; autoplay; clipboard-write; encrypted-media; gyroscope; picture-in-picture\" allowfullscreen><\/iframe>\n<\/div><\/figure>\n\n\n\n<figure class=\"wp-block-embed-youtube wp-block-embed is-type-video is-provider-youtube wp-embed-aspect-16-9 wp-has-aspect-ratio\"><div class=\"wp-block-embed__wrapper\">\n<iframe loading=\"lazy\" title=\"\u0421\u0430\u0434\u045a\u0430 \u0431\u0435\u043b\u043e\u0433 \u0458\u0430\u0441\u0435\u043d\u0430 \u0443 \u041e\u0428 &quot;\u0421\u0442\u043e\u0458\u0430\u043d \u041d\u043e\u0432\u0430\u043a\u043e\u0432\u0438\u045b&quot; \u0428\u0430\u0431\u0430\u0446\" width=\"1080\" height=\"608\" src=\"https:\/\/www.youtube.com\/embed\/o1VXYrNZ-1M?feature=oembed\" frameborder=\"0\" allow=\"accelerometer; autoplay; clipboard-write; encrypted-media; gyroscope; picture-in-picture\" allowfullscreen><\/iframe>\n<\/div><\/figure>\n\n\n\n<figure class=\"wp-block-embed-youtube wp-block-embed is-type-video is-provider-youtube wp-embed-aspect-16-9 wp-has-aspect-ratio\"><div class=\"wp-block-embed__wrapper\">\n<iframe loading=\"lazy\" title=\"\u0428\u0443\u043c\u0435 \u0421\u0440\u0431\u0438\u0458\u0435\" width=\"1080\" height=\"608\" src=\"https:\/\/www.youtube.com\/embed\/aFElDgLHldY?feature=oembed\" frameborder=\"0\" allow=\"accelerometer; autoplay; clipboard-write; encrypted-media; gyroscope; picture-in-picture\" allowfullscreen><\/iframe>\n<\/div><\/figure>\n\n\n\n<figure class=\"wp-block-embed-youtube wp-block-embed is-type-video is-provider-youtube wp-embed-aspect-16-9 wp-has-aspect-ratio\"><div class=\"wp-block-embed__wrapper\">\n<iframe loading=\"lazy\" title=\"(Ne)zvani gosti - Strane vrste biljaka koje osvajaju na\u0161u prirodu\" width=\"1080\" height=\"608\" src=\"https:\/\/www.youtube.com\/embed\/mpqjbHemcZo?feature=oembed\" frameborder=\"0\" allow=\"accelerometer; autoplay; clipboard-write; encrypted-media; gyroscope; picture-in-picture\" allowfullscreen><\/iframe>\n<\/div><\/figure>\n\n\n\n<figure class=\"wp-block-embed-youtube wp-block-embed is-type-video is-provider-youtube wp-embed-aspect-16-9 wp-has-aspect-ratio\"><div class=\"wp-block-embed__wrapper\">\n<iframe loading=\"lazy\" title=\"Jutarnji program -  Zorica Joci\u0107 (01- 12- 2020)\" width=\"1080\" height=\"608\" src=\"https:\/\/www.youtube.com\/embed\/f6Huq7PuJgE?feature=oembed\" frameborder=\"0\" allow=\"accelerometer; autoplay; clipboard-write; encrypted-media; gyroscope; picture-in-picture\" allowfullscreen><\/iframe>\n<\/div><\/figure>\n","protected":false},"excerpt":{"rendered":"","protected":false},"author":1,"featured_media":0,"parent":0,"menu_order":0,"comment_status":"closed","ping_status":"closed","template":"","meta":{"footnotes":""},"class_list":["post-1729","page","type-page","status-publish","hentry"],"_links":{"self":[{"href":"https:\/\/stojanovaskolasabac.edu.rs\/index.php\/wp-json\/wp\/v2\/pages\/1729","targetHints":{"allow":["GET"]}}],"collection":[{"href":"https:\/\/stojanovaskolasabac.edu.rs\/index.php\/wp-json\/wp\/v2\/pages"}],"about":[{"href":"https:\/\/stojanovaskolasabac.edu.rs\/index.php\/wp-json\/wp\/v2\/types\/page"}],"author":[{"embeddable":true,"href":"https:\/\/stojanovaskolasabac.edu.rs\/index.php\/wp-json\/wp\/v2\/users\/1"}],"replies":[{"embeddable":true,"href":"https:\/\/stojanovaskolasabac.edu.rs\/index.php\/wp-json\/wp\/v2\/comments?post=1729"}],"version-history":[{"count":2,"href":"https:\/\/stojanovaskolasabac.edu.rs\/index.php\/wp-json\/wp\/v2\/pages\/1729\/revisions"}],"predecessor-version":[{"id":1731,"href":"https:\/\/stojanovaskolasabac.edu.rs\/index.php\/wp-json\/wp\/v2\/pages\/1729\/revisions\/1731"}],"wp:attachment":[{"href":"https:\/\/stojanovaskolasabac.edu.rs\/index.php\/wp-json\/wp\/v2\/media?parent=1729"}],"curies":[{"name":"wp","href":"https:\/\/api.w.org\/{rel}","templated":true}]}}