{"id":1167,"date":"2020-04-07T19:29:56","date_gmt":"2020-04-07T17:29:56","guid":{"rendered":"http:\/\/stojanovaskolasabac.edu.rs\/?page_id=1167"},"modified":"2023-12-03T22:32:23","modified_gmt":"2023-12-03T20:32:23","slug":"kutak_za_osmake","status":"publish","type":"page","link":"https:\/\/stojanovaskolasabac.edu.rs\/index.php\/kutak_za_osmake\/","title":{"rendered":"\u041a\u0423\u0422\u0410\u041a \u0417\u0410 \u041e\u0421\u041c\u0410\u041a\u0415"},"content":{"rendered":"\n<figure class=\"wp-block-image\"><img loading=\"lazy\" decoding=\"async\" width=\"895\" height=\"430\" src=\"http:\/\/stojanovaskolasabac.edu.rs\/wp-content\/uploads\/2020\/04\/Zbirke-zadataka-2020-u-prodaji-895x430.jpg\" alt=\"\" class=\"wp-image-1178\" srcset=\"https:\/\/stojanovaskolasabac.edu.rs\/wp-content\/uploads\/2020\/04\/Zbirke-zadataka-2020-u-prodaji-895x430.jpg 895w, https:\/\/stojanovaskolasabac.edu.rs\/wp-content\/uploads\/2020\/04\/Zbirke-zadataka-2020-u-prodaji-895x430-300x144.jpg 300w, https:\/\/stojanovaskolasabac.edu.rs\/wp-content\/uploads\/2020\/04\/Zbirke-zadataka-2020-u-prodaji-895x430-768x369.jpg 768w\" sizes=\"auto, (max-width: 895px) 100vw, 895px\" \/><\/figure>\n\n\n\n<p><\/p>\n\n\n\n<p><\/p>\n\n\n\n<div class=\"wp-block-file\"><a id=\"wp-block-file--media-5c14549d-8af4-4136-9408-213b030d52d1\" href=\"https:\/\/stojanovaskolasabac.edu.rs\/wp-content\/uploads\/2023\/12\/\u041f\u0440\u0435\u0437\u0435\u043d\u0442\u0430\u0446\u0438\u0458\u0430-\u0437\u0430-\u0440\u043e\u0434\u0438\u0442\u0435\u0459\u0441\u043a\u0435-\u0441\u0430\u0441\u0442\u0430\u043d\u043a\u0435-\u043d\u043e\u0432\u0435\u043c\u0431\u0430\u0440-2023-Power-Point-2010.pptx\">\u041f\u0440\u0435\u0437\u0435\u043d\u0442\u0430\u0446\u0438\u0458\u0430-\u0437\u0430-\u0440\u043e\u0434\u0438\u0442\u0435\u0459\u0441\u043a\u0435-\u0441\u0430\u0441\u0442\u0430\u043d\u043a\u0435-\u043d\u043e\u0432\u0435\u043c\u0431\u0430\u0440-2023-Power-Point-2010<\/a><a href=\"https:\/\/stojanovaskolasabac.edu.rs\/wp-content\/uploads\/2023\/12\/\u041f\u0440\u0435\u0437\u0435\u043d\u0442\u0430\u0446\u0438\u0458\u0430-\u0437\u0430-\u0440\u043e\u0434\u0438\u0442\u0435\u0459\u0441\u043a\u0435-\u0441\u0430\u0441\u0442\u0430\u043d\u043a\u0435-\u043d\u043e\u0432\u0435\u043c\u0431\u0430\u0440-2023-Power-Point-2010.pptx\" class=\"wp-block-file__button wp-element-button\" download aria-describedby=\"wp-block-file--media-5c14549d-8af4-4136-9408-213b030d52d1\">\u041f\u0440\u0435\u0443\u0437\u043c\u0438<\/a><\/div>\n\n\n\n<figure class=\"wp-block-image\"><img loading=\"lazy\" decoding=\"async\" width=\"787\" height=\"1024\" src=\"http:\/\/stojanovaskolasabac.edu.rs\/wp-content\/uploads\/2021\/05\/PKS-dualno-obrazovanje-UPIS-U-SKOLE1-787x1024.jpg\" alt=\"\" class=\"wp-image-1646\" srcset=\"https:\/\/stojanovaskolasabac.edu.rs\/wp-content\/uploads\/2021\/05\/PKS-dualno-obrazovanje-UPIS-U-SKOLE1-787x1024.jpg 787w, https:\/\/stojanovaskolasabac.edu.rs\/wp-content\/uploads\/2021\/05\/PKS-dualno-obrazovanje-UPIS-U-SKOLE1-230x300.jpg 230w, https:\/\/stojanovaskolasabac.edu.rs\/wp-content\/uploads\/2021\/05\/PKS-dualno-obrazovanje-UPIS-U-SKOLE1-768x1000.jpg 768w, https:\/\/stojanovaskolasabac.edu.rs\/wp-content\/uploads\/2021\/05\/PKS-dualno-obrazovanje-UPIS-U-SKOLE1-1080x1406.jpg 1080w, https:\/\/stojanovaskolasabac.edu.rs\/wp-content\/uploads\/2021\/05\/PKS-dualno-obrazovanje-UPIS-U-SKOLE1.jpg 1372w\" sizes=\"auto, (max-width: 787px) 100vw, 787px\" \/><\/figure>\n\n\n\n<div class=\"wp-block-file\"><a id=\"wp-block-file--media-42514eec-ba25-4383-9029-97c182bd204f\" href=\"http:\/\/stojanovaskolasabac.edu.rs\/wp-content\/uploads\/2020\/06\/SMERNICE-ZA-PRIJEMNI-ISPIT-KONACNO-290520.pdf\">\u0421\u043c\u0435\u0440\u043d\u0438\u0446\u0435 \u0437\u0430 \u043f\u0440\u0438\u0458\u0435\u043c\u043d\u0438 \u0438\u0441\u043f\u0438\u0442<\/a><a href=\"http:\/\/stojanovaskolasabac.edu.rs\/wp-content\/uploads\/2020\/06\/SMERNICE-ZA-PRIJEMNI-ISPIT-KONACNO-290520.pdf\" class=\"wp-block-file__button wp-element-button\" download aria-describedby=\"wp-block-file--media-42514eec-ba25-4383-9029-97c182bd204f\">\u041f\u0440\u0435\u0443\u0437\u043c\u0438<\/a><\/div>\n\n\n\n<div class=\"wp-block-file\"><a id=\"wp-block-file--media-59d09efc-dbe8-4a76-a857-aa549d2222d2\" href=\"http:\/\/stojanovaskolasabac.edu.rs\/wp-content\/uploads\/2020\/06\/STRUCNO-UPUTSTVO-UPIS-KONACNO-290520-ZA-SAJT.pdf\">\u0421\u0442\u0440\u0443\u0447\u043d\u043e \u0443\u043f\u0443\u0442\u0441\u0442\u0432\u043e \u0437\u0430 \u0443\u043f\u0438\u0441 \u0443 \u0441\u0440\u0435\u0434\u045a\u0443 \u0448\u043a\u043e\u043b\u0443<\/a><a href=\"http:\/\/stojanovaskolasabac.edu.rs\/wp-content\/uploads\/2020\/06\/STRUCNO-UPUTSTVO-UPIS-KONACNO-290520-ZA-SAJT.pdf\" class=\"wp-block-file__button wp-element-button\" download aria-describedby=\"wp-block-file--media-59d09efc-dbe8-4a76-a857-aa549d2222d2\">\u041f\u0440\u0435\u0443\u0437\u043c\u0438<\/a><\/div>\n\n\n\n<hr class=\"wp-block-separator has-css-opacity\"\/>\n\n\n\n<div class=\"wp-block-file\"><a id=\"wp-block-file--media-d2cd0632-fd95-4149-8971-e203e78a97d4\" href=\"http:\/\/stojanovaskolasabac.edu.rs\/wp-content\/uploads\/2020\/04\/\u041f\u043e\u0437\u0434\u0440\u0430\u0432.pdf\">\u041f\u043e\u0437\u0434\u0440\u0430\u0432<\/a><a href=\"http:\/\/stojanovaskolasabac.edu.rs\/wp-content\/uploads\/2020\/04\/\u041f\u043e\u0437\u0434\u0440\u0430\u0432.pdf\" class=\"wp-block-file__button wp-element-button\" download aria-describedby=\"wp-block-file--media-d2cd0632-fd95-4149-8971-e203e78a97d4\">\u041f\u0440\u0435\u0443\u0437\u043c\u0438<\/a><\/div>\n\n\n\n<hr class=\"wp-block-separator has-css-opacity\"\/>\n\n\n\n<figure class=\"wp-block-embed-wordpress wp-block-embed is-type-wp-embed is-provider-srednje-skole\"><div class=\"wp-block-embed__wrapper\">\n<blockquote class=\"wp-embedded-content\" data-secret=\"cQ0Ixf5tny\"><a href=\"https:\/\/srednjeskole.edukacija.rs\/drzavne-srednje-skole\/svi-gradovi\/sabac\">Dr\u017eavne srednje \u0161kole &#8211; \u0160abac<\/a><\/blockquote><iframe loading=\"lazy\" class=\"wp-embedded-content\" sandbox=\"allow-scripts\" security=\"restricted\" style=\"position: absolute; clip: rect(1px, 1px, 1px, 1px);\" title=\"&#8220;Dr\u017eavne srednje \u0161kole &#8211; \u0160abac&#8221; &#8212; Srednje \u0161kole\" src=\"https:\/\/srednjeskole.edukacija.rs\/drzavne-srednje-skole\/svi-gradovi\/sabac\/embed#?secret=cQ0Ixf5tny\" data-secret=\"cQ0Ixf5tny\" width=\"600\" height=\"338\" frameborder=\"0\" marginwidth=\"0\" marginheight=\"0\" scrolling=\"no\"><\/iframe>\n<\/div><\/figure>\n\n\n\n<hr class=\"wp-block-separator has-css-opacity\"\/>\n\n\n<ul class=\"wp-block-latest-posts__list has-dates wp-block-latest-posts\"><li><a class=\"wp-block-latest-posts__post-title\" href=\"https:\/\/stojanovaskolasabac.edu.rs\/index.php\/2021\/06\/27\/zi_preliminarni_2021\/\">\u0417\u0418 \u043f\u0440\u0435\u043b\u0438\u043c\u0438\u043d\u0430\u0440\u043d\u0438 \u0440\u0435\u0437\u0443\u043b\u0442\u0430\u0442\u0438<\/a><time datetime=\"2021-06-27T10:37:41+02:00\" class=\"wp-block-latest-posts__post-date\">27\/06\/2021<\/time><\/li>\n<li><a class=\"wp-block-latest-posts__post-title\" href=\"https:\/\/stojanovaskolasabac.edu.rs\/index.php\/2021\/06\/25\/kombinovani_test_2021\/\">\u0423\u043f\u0443\u0442\u0441\u0442\u0432\u043e \u0437\u0430 \u043f\u0440\u0435\u0433\u043b\u0435\u0434\u0430\u045a\u0435 \u0417\u0418 \u043a\u043e\u043c\u0431\u0438\u043d\u043e\u0432\u0430\u043d\u0438 \u0442\u0435\u0441\u0442 2021.<\/a><time datetime=\"2021-06-25T12:06:49+02:00\" class=\"wp-block-latest-posts__post-date\">25\/06\/2021<\/time><\/li>\n<li><a class=\"wp-block-latest-posts__post-title\" href=\"https:\/\/stojanovaskolasabac.edu.rs\/index.php\/2021\/06\/24\/matematika_2021\/\">\u0423\u043f\u0443\u0442\u0441\u0442\u0432\u043e \u0437\u0430 \u043f\u0440\u0435\u0433\u043b\u0435\u0434\u0430\u045a\u0435 \u0417\u0418 \u043c\u0430\u0442\u0435\u043c\u0430\u0442\u0438\u043a\u0430 2021.<\/a><time datetime=\"2021-06-24T14:49:14+02:00\" class=\"wp-block-latest-posts__post-date\">24\/06\/2021<\/time><\/li>\n<li><a class=\"wp-block-latest-posts__post-title\" href=\"https:\/\/stojanovaskolasabac.edu.rs\/index.php\/2021\/06\/23\/srpski_jezik_2021\/\">\u0423\u043f\u0443\u0442\u0441\u0442\u0432\u043e \u0437\u0430 \u043f\u0440\u0435\u0433\u043b\u0435\u0434\u0430\u045a\u0435 \u0417\u0418 \u0441\u0440\u043f\u0441\u043a\u0438 \u0458\u0435\u0437\u0438\u043a 2021.<\/a><time datetime=\"2021-06-23T12:52:23+02:00\" class=\"wp-block-latest-posts__post-date\">23\/06\/2021<\/time><\/li>\n<li><a class=\"wp-block-latest-posts__post-title\" href=\"https:\/\/stojanovaskolasabac.edu.rs\/index.php\/2021\/06\/14\/informacije_za_osmake_2021\/\">\u0418\u043d\u0444\u043e\u0440\u043c\u0430\u0446\u0438\u0458\u0435 \u0437\u0430 \u043e\u0441\u043c\u0430\u043a\u0435<\/a><time datetime=\"2021-06-14T21:54:02+02:00\" class=\"wp-block-latest-posts__post-date\">14\/06\/2021<\/time><\/li>\n<li><a class=\"wp-block-latest-posts__post-title\" href=\"https:\/\/stojanovaskolasabac.edu.rs\/index.php\/2021\/05\/31\/dualno_obrazovanje\/\">\u0414\u0443\u0430\u043b\u043d\u043e \u043e\u0431\u0440\u0430\u0437\u043e\u0432\u0430\u045a\u0435<\/a><time datetime=\"2021-05-31T21:35:00+02:00\" class=\"wp-block-latest-posts__post-date\">31\/05\/2021<\/time><\/li>\n<li><a class=\"wp-block-latest-posts__post-title\" href=\"https:\/\/stojanovaskolasabac.edu.rs\/index.php\/2021\/03\/20\/odlaze-se-probni-zavrsni-sipit\/\">O\u0434\u043b\u0430\u0436\u0435 \u0441\u0435 \u0438 \u043f\u0440\u043e\u0431\u043d\u0438 \u0437\u0430\u0432\u0440\u0448\u043d\u0438 \u0442\u0435\u0441\u0442<\/a><time datetime=\"2021-03-20T00:40:19+01:00\" class=\"wp-block-latest-posts__post-date\">20\/03\/2021<\/time><\/li>\n<li><a class=\"wp-block-latest-posts__post-title\" href=\"https:\/\/stojanovaskolasabac.edu.rs\/index.php\/2020\/05\/26\/novi_pravilnici_maj_2020\/\">\u041d\u041e\u0412\u0418 \u041f\u0420\u0410\u0412\u0418\u041b\u041d\u0418\u0426\u0418 \u0417\u0410 \u0423\u041f\u0418\u0421 \u0423 \u0421\u0420\u0415\u0414\u040a\u0423 \u0428\u041a\u041e\u041b\u0423<\/a><time datetime=\"2020-05-26T12:26:08+02:00\" class=\"wp-block-latest-posts__post-date\">26\/05\/2020<\/time><\/li>\n<li><a class=\"wp-block-latest-posts__post-title\" href=\"https:\/\/stojanovaskolasabac.edu.rs\/index.php\/2020\/04\/08\/uputstvo\/\">\u0423\u043f\u0443\u0442\u0441\u0442\u0432\u043e<\/a><time datetime=\"2020-04-08T10:27:56+02:00\" class=\"wp-block-latest-posts__post-date\">08\/04\/2020<\/time><\/li>\n<\/ul>","protected":false},"excerpt":{"rendered":"","protected":false},"author":1,"featured_media":0,"parent":0,"menu_order":0,"comment_status":"closed","ping_status":"closed","template":"","meta":{"footnotes":""},"class_list":["post-1167","page","type-page","status-publish","hentry"],"_links":{"self":[{"href":"https:\/\/stojanovaskolasabac.edu.rs\/index.php\/wp-json\/wp\/v2\/pages\/1167","targetHints":{"allow":["GET"]}}],"collection":[{"href":"https:\/\/stojanovaskolasabac.edu.rs\/index.php\/wp-json\/wp\/v2\/pages"}],"about":[{"href":"https:\/\/stojanovaskolasabac.edu.rs\/index.php\/wp-json\/wp\/v2\/types\/page"}],"author":[{"embeddable":true,"href":"https:\/\/stojanovaskolasabac.edu.rs\/index.php\/wp-json\/wp\/v2\/users\/1"}],"replies":[{"embeddable":true,"href":"https:\/\/stojanovaskolasabac.edu.rs\/index.php\/wp-json\/wp\/v2\/comments?post=1167"}],"version-history":[{"count":9,"href":"https:\/\/stojanovaskolasabac.edu.rs\/index.php\/wp-json\/wp\/v2\/pages\/1167\/revisions"}],"predecessor-version":[{"id":2389,"href":"https:\/\/stojanovaskolasabac.edu.rs\/index.php\/wp-json\/wp\/v2\/pages\/1167\/revisions\/2389"}],"wp:attachment":[{"href":"https:\/\/stojanovaskolasabac.edu.rs\/index.php\/wp-json\/wp\/v2\/media?parent=1167"}],"curies":[{"name":"wp","href":"https:\/\/api.w.org\/{rel}","templated":true}]}}